{"id":784,"date":"2022-04-19T18:38:32","date_gmt":"2022-04-19T16:38:32","guid":{"rendered":"https:\/\/retromodding.fulgore.fr\/?page_id=784"},"modified":"2022-04-24T10:44:17","modified_gmt":"2022-04-24T08:44:17","slug":"black-snes","status":"publish","type":"page","link":"https:\/\/retromodding.fulgore.fr\/index.php\/galerie-photos\/black-snes\/","title":{"rendered":"Black SNES"},"content":{"rendered":"\n<p> Le concept de RetroModding Nice est de restaurer et fournir des consoles dans leur \u00e9tat original et proche du neuf. Malgr\u00e9 tout il y a quand-m\u00eame des \u00ab\u00a0sauvetages\u00a0\u00bb en customisant certaine carrosseries qui ne pourraient \u00eatre restaur\u00e9es. La Super Nintendo en est un bon exemple ! En effet beaucoup sont tellement jaunies qu&rsquo;il est impossible de leurs redonner leur couleur d&rsquo;origine.<br> C&rsquo;est pourquoi, suite \u00e0 la demande d&rsquo;une personne, j&rsquo;ai commencer \u00e0 les repeindre. Le r\u00e9sultat est juste bluffant ! D\u00e9j\u00e0 plusieurs exemplaires ont \u00e9t\u00e9 distribu\u00e9.<\/p>\n\n\n\n<figure class=\"wp-block-gallery has-nested-images columns-default is-cropped wp-block-gallery-1 is-layout-flex wp-block-gallery-is-layout-flex\">\n<figure class=\"wp-block-image size-large is-style-default\"><a href=\"https:\/\/retromodding.fulgore.fr\/wp-content\/uploads\/2022\/04\/B_SNES00.jpg\"><img loading=\"lazy\" decoding=\"async\" width=\"853\" height=\"1024\" data-id=\"791\" src=\"https:\/\/retromodding.fulgore.fr\/wp-content\/uploads\/2022\/04\/B_SNES00-853x1024.jpg\" alt=\"\" class=\"wp-image-791\" srcset=\"https:\/\/retromodding.fulgore.fr\/wp-content\/uploads\/2022\/04\/B_SNES00-853x1024.jpg 853w, https:\/\/retromodding.fulgore.fr\/wp-content\/uploads\/2022\/04\/B_SNES00-600x720.jpg 600w, https:\/\/retromodding.fulgore.fr\/wp-content\/uploads\/2022\/04\/B_SNES00-250x300.jpg 250w, https:\/\/retromodding.fulgore.fr\/wp-content\/uploads\/2022\/04\/B_SNES00-768x922.jpg 768w, https:\/\/retromodding.fulgore.fr\/wp-content\/uploads\/2022\/04\/B_SNES00-1279x1536.jpg 1279w, https:\/\/retromodding.fulgore.fr\/wp-content\/uploads\/2022\/04\/B_SNES00.jpg 1666w\" sizes=\"auto, (max-width: 853px) 100vw, 853px\" \/><\/a><\/figure>\n\n\n\n<figure class=\"wp-block-image size-large is-style-default\"><a href=\"https:\/\/retromodding.fulgore.fr\/wp-content\/uploads\/2022\/04\/B_SNES01.jpg\"><img loading=\"lazy\" decoding=\"async\" width=\"1024\" height=\"961\" data-id=\"790\" src=\"https:\/\/retromodding.fulgore.fr\/wp-content\/uploads\/2022\/04\/B_SNES01-1024x961.jpg\" alt=\"\" class=\"wp-image-790\" srcset=\"https:\/\/retromodding.fulgore.fr\/wp-content\/uploads\/2022\/04\/B_SNES01-1024x961.jpg 1024w, https:\/\/retromodding.fulgore.fr\/wp-content\/uploads\/2022\/04\/B_SNES01-600x563.jpg 600w, https:\/\/retromodding.fulgore.fr\/wp-content\/uploads\/2022\/04\/B_SNES01-300x282.jpg 300w, https:\/\/retromodding.fulgore.fr\/wp-content\/uploads\/2022\/04\/B_SNES01-768x721.jpg 768w, https:\/\/retromodding.fulgore.fr\/wp-content\/uploads\/2022\/04\/B_SNES01-1536x1442.jpg 1536w, https:\/\/retromodding.fulgore.fr\/wp-content\/uploads\/2022\/04\/B_SNES01.jpg 1666w\" sizes=\"auto, (max-width: 1024px) 100vw, 1024px\" \/><\/a><\/figure>\n\n\n\n<figure class=\"wp-block-image size-large is-style-default\"><a href=\"https:\/\/retromodding.fulgore.fr\/wp-content\/uploads\/2022\/04\/B_SNES02.jpg\"><img loading=\"lazy\" decoding=\"async\" width=\"1024\" height=\"576\" data-id=\"786\" src=\"https:\/\/retromodding.fulgore.fr\/wp-content\/uploads\/2022\/04\/B_SNES02-1024x576.jpg\" alt=\"\" class=\"wp-image-786\" srcset=\"https:\/\/retromodding.fulgore.fr\/wp-content\/uploads\/2022\/04\/B_SNES02-1024x576.jpg 1024w, https:\/\/retromodding.fulgore.fr\/wp-content\/uploads\/2022\/04\/B_SNES02-600x337.jpg 600w, https:\/\/retromodding.fulgore.fr\/wp-content\/uploads\/2022\/04\/B_SNES02-300x169.jpg 300w, https:\/\/retromodding.fulgore.fr\/wp-content\/uploads\/2022\/04\/B_SNES02-768x432.jpg 768w, https:\/\/retromodding.fulgore.fr\/wp-content\/uploads\/2022\/04\/B_SNES02-1536x864.jpg 1536w, https:\/\/retromodding.fulgore.fr\/wp-content\/uploads\/2022\/04\/B_SNES02.jpg 1666w\" sizes=\"auto, (max-width: 1024px) 100vw, 1024px\" \/><\/a><\/figure>\n\n\n\n<figure class=\"wp-block-image size-large is-style-default\"><a href=\"https:\/\/retromodding.fulgore.fr\/wp-content\/uploads\/2022\/04\/B_SNES05.jpg\"><img loading=\"lazy\" decoding=\"async\" width=\"1024\" height=\"576\" data-id=\"788\" src=\"https:\/\/retromodding.fulgore.fr\/wp-content\/uploads\/2022\/04\/B_SNES05-1024x576.jpg\" alt=\"\" class=\"wp-image-788\" srcset=\"https:\/\/retromodding.fulgore.fr\/wp-content\/uploads\/2022\/04\/B_SNES05-1024x576.jpg 1024w, https:\/\/retromodding.fulgore.fr\/wp-content\/uploads\/2022\/04\/B_SNES05-600x337.jpg 600w, https:\/\/retromodding.fulgore.fr\/wp-content\/uploads\/2022\/04\/B_SNES05-300x169.jpg 300w, https:\/\/retromodding.fulgore.fr\/wp-content\/uploads\/2022\/04\/B_SNES05-768x432.jpg 768w, https:\/\/retromodding.fulgore.fr\/wp-content\/uploads\/2022\/04\/B_SNES05-1536x864.jpg 1536w, https:\/\/retromodding.fulgore.fr\/wp-content\/uploads\/2022\/04\/B_SNES05.jpg 1666w\" sizes=\"auto, (max-width: 1024px) 100vw, 1024px\" \/><\/a><\/figure>\n\n\n\n<figure class=\"wp-block-image size-large is-style-default\"><a href=\"https:\/\/retromodding.fulgore.fr\/wp-content\/uploads\/2022\/04\/B_SNES06.jpg\"><img loading=\"lazy\" decoding=\"async\" width=\"1024\" height=\"380\" data-id=\"792\" src=\"https:\/\/retromodding.fulgore.fr\/wp-content\/uploads\/2022\/04\/B_SNES06-1024x380.jpg\" alt=\"\" class=\"wp-image-792\" srcset=\"https:\/\/retromodding.fulgore.fr\/wp-content\/uploads\/2022\/04\/B_SNES06-1024x380.jpg 1024w, https:\/\/retromodding.fulgore.fr\/wp-content\/uploads\/2022\/04\/B_SNES06-600x223.jpg 600w, https:\/\/retromodding.fulgore.fr\/wp-content\/uploads\/2022\/04\/B_SNES06-300x111.jpg 300w, https:\/\/retromodding.fulgore.fr\/wp-content\/uploads\/2022\/04\/B_SNES06-768x285.jpg 768w, https:\/\/retromodding.fulgore.fr\/wp-content\/uploads\/2022\/04\/B_SNES06-1536x570.jpg 1536w, https:\/\/retromodding.fulgore.fr\/wp-content\/uploads\/2022\/04\/B_SNES06.jpg 1666w\" sizes=\"auto, (max-width: 1024px) 100vw, 1024px\" \/><\/a><\/figure>\n\n\n\n<figure class=\"wp-block-image size-large is-style-default\"><a href=\"https:\/\/retromodding.fulgore.fr\/wp-content\/uploads\/2022\/04\/B_SNES07.jpg\"><img loading=\"lazy\" decoding=\"async\" width=\"1024\" height=\"395\" data-id=\"793\" src=\"https:\/\/retromodding.fulgore.fr\/wp-content\/uploads\/2022\/04\/B_SNES07-1024x395.jpg\" alt=\"\" class=\"wp-image-793\" srcset=\"https:\/\/retromodding.fulgore.fr\/wp-content\/uploads\/2022\/04\/B_SNES07-1024x395.jpg 1024w, https:\/\/retromodding.fulgore.fr\/wp-content\/uploads\/2022\/04\/B_SNES07-600x232.jpg 600w, https:\/\/retromodding.fulgore.fr\/wp-content\/uploads\/2022\/04\/B_SNES07-300x116.jpg 300w, https:\/\/retromodding.fulgore.fr\/wp-content\/uploads\/2022\/04\/B_SNES07-768x296.jpg 768w, https:\/\/retromodding.fulgore.fr\/wp-content\/uploads\/2022\/04\/B_SNES07-1536x593.jpg 1536w, https:\/\/retromodding.fulgore.fr\/wp-content\/uploads\/2022\/04\/B_SNES07.jpg 1666w\" sizes=\"auto, (max-width: 1024px) 100vw, 1024px\" \/><\/a><\/figure>\n\n\n\n<figure class=\"wp-block-image size-large is-style-default\"><a href=\"https:\/\/retromodding.fulgore.fr\/wp-content\/uploads\/2022\/04\/B_SNES03.jpg\"><img loading=\"lazy\" decoding=\"async\" width=\"1024\" height=\"576\" data-id=\"789\" src=\"https:\/\/retromodding.fulgore.fr\/wp-content\/uploads\/2022\/04\/B_SNES03-1024x576.jpg\" alt=\"\" class=\"wp-image-789\" srcset=\"https:\/\/retromodding.fulgore.fr\/wp-content\/uploads\/2022\/04\/B_SNES03-1024x576.jpg 1024w, https:\/\/retromodding.fulgore.fr\/wp-content\/uploads\/2022\/04\/B_SNES03-600x337.jpg 600w, https:\/\/retromodding.fulgore.fr\/wp-content\/uploads\/2022\/04\/B_SNES03-300x169.jpg 300w, https:\/\/retromodding.fulgore.fr\/wp-content\/uploads\/2022\/04\/B_SNES03-768x432.jpg 768w, https:\/\/retromodding.fulgore.fr\/wp-content\/uploads\/2022\/04\/B_SNES03-1536x864.jpg 1536w, https:\/\/retromodding.fulgore.fr\/wp-content\/uploads\/2022\/04\/B_SNES03.jpg 1666w\" sizes=\"auto, (max-width: 1024px) 100vw, 1024px\" \/><\/a><\/figure>\n\n\n\n<figure class=\"wp-block-image size-large is-style-default\"><a href=\"https:\/\/retromodding.fulgore.fr\/wp-content\/uploads\/2022\/04\/B_SNES04.jpg\"><img loading=\"lazy\" decoding=\"async\" width=\"1024\" height=\"576\" data-id=\"787\" src=\"https:\/\/retromodding.fulgore.fr\/wp-content\/uploads\/2022\/04\/B_SNES04-1024x576.jpg\" alt=\"\" class=\"wp-image-787\" srcset=\"https:\/\/retromodding.fulgore.fr\/wp-content\/uploads\/2022\/04\/B_SNES04-1024x576.jpg 1024w, https:\/\/retromodding.fulgore.fr\/wp-content\/uploads\/2022\/04\/B_SNES04-600x337.jpg 600w, https:\/\/retromodding.fulgore.fr\/wp-content\/uploads\/2022\/04\/B_SNES04-300x169.jpg 300w, https:\/\/retromodding.fulgore.fr\/wp-content\/uploads\/2022\/04\/B_SNES04-768x432.jpg 768w, https:\/\/retromodding.fulgore.fr\/wp-content\/uploads\/2022\/04\/B_SNES04-1536x864.jpg 1536w, https:\/\/retromodding.fulgore.fr\/wp-content\/uploads\/2022\/04\/B_SNES04.jpg 1666w\" sizes=\"auto, (max-width: 1024px) 100vw, 1024px\" \/><\/a><\/figure>\n\n\n\n<figure class=\"wp-block-image size-large is-style-default\"><a href=\"https:\/\/retromodding.fulgore.fr\/wp-content\/uploads\/2022\/04\/B_SNES08.jpg\"><img loading=\"lazy\" decoding=\"async\" width=\"852\" height=\"1024\" data-id=\"794\" src=\"https:\/\/retromodding.fulgore.fr\/wp-content\/uploads\/2022\/04\/B_SNES08-852x1024.jpg\" alt=\"\" class=\"wp-image-794\" srcset=\"https:\/\/retromodding.fulgore.fr\/wp-content\/uploads\/2022\/04\/B_SNES08-852x1024.jpg 852w, https:\/\/retromodding.fulgore.fr\/wp-content\/uploads\/2022\/04\/B_SNES08-600x721.jpg 600w, https:\/\/retromodding.fulgore.fr\/wp-content\/uploads\/2022\/04\/B_SNES08-250x300.jpg 250w, https:\/\/retromodding.fulgore.fr\/wp-content\/uploads\/2022\/04\/B_SNES08-768x923.jpg 768w, https:\/\/retromodding.fulgore.fr\/wp-content\/uploads\/2022\/04\/B_SNES08-1278x1536.jpg 1278w, https:\/\/retromodding.fulgore.fr\/wp-content\/uploads\/2022\/04\/B_SNES08.jpg 1664w\" sizes=\"auto, (max-width: 852px) 100vw, 852px\" \/><\/a><\/figure>\n<\/figure>\n","protected":false},"excerpt":{"rendered":"<p>Le concept de RetroModding Nice est de restaurer et fournir des consoles dans leur \u00e9tat original et proche du neuf. Malgr\u00e9 tout il y a quand-m\u00eame des \u00ab\u00a0sauvetages\u00a0\u00bb en customisant certaine carrosseries qui ne pourraient \u00eatre restaur\u00e9es. La Super Nintendo en est un bon exemple ! En effet beaucoup sont tellement jaunies qu&rsquo;il est impossible&hellip;&nbsp;<a href=\"https:\/\/retromodding.fulgore.fr\/index.php\/galerie-photos\/black-snes\/\" rel=\"bookmark\">Lire la suite &raquo;<span class=\"screen-reader-text\">Black SNES<\/span><\/a><\/p>\n","protected":false},"author":1,"featured_media":0,"parent":391,"menu_order":0,"comment_status":"open","ping_status":"closed","template":"","meta":{"neve_meta_sidebar":"full-width","neve_meta_container":"","neve_meta_enable_content_width":"on","neve_meta_content_width":100,"neve_meta_title_alignment":"","neve_meta_author_avatar":"","neve_post_elements_order":"","neve_meta_disable_header":"","neve_meta_disable_footer":"","neve_meta_disable_title":"","footnotes":""},"class_list":["post-784","page","type-page","status-publish","hentry"],"yoast_head":"<!-- This site is optimized with the Yoast SEO plugin v27.4 - https:\/\/yoast.com\/product\/yoast-seo-wordpress\/ -->\n<title>Black SNES - RetroModding Nice<\/title>\n<meta name=\"robots\" content=\"index, follow, max-snippet:-1, max-image-preview:large, max-video-preview:-1\" \/>\n<link rel=\"canonical\" href=\"https:\/\/retromodding.fulgore.fr\/index.php\/galerie-photos\/black-snes\/\" \/>\n<meta property=\"og:locale\" content=\"fr_FR\" \/>\n<meta property=\"og:type\" content=\"article\" \/>\n<meta property=\"og:title\" content=\"Black SNES - RetroModding Nice\" \/>\n<meta property=\"og:description\" content=\"Le concept de RetroModding Nice est de restaurer et fournir des consoles dans leur \u00e9tat original et proche du neuf. Malgr\u00e9 tout il y a quand-m\u00eame des \u00ab\u00a0sauvetages\u00a0\u00bb en customisant certaine carrosseries qui ne pourraient \u00eatre restaur\u00e9es. La Super Nintendo en est un bon exemple ! En effet beaucoup sont tellement jaunies qu&rsquo;il est impossible&hellip;&nbsp;Lire la suite &raquo;Black SNES\" \/>\n<meta property=\"og:url\" content=\"https:\/\/retromodding.fulgore.fr\/index.php\/galerie-photos\/black-snes\/\" \/>\n<meta property=\"og:site_name\" content=\"RetroModding Nice\" \/>\n<meta property=\"article:modified_time\" content=\"2022-04-24T08:44:17+00:00\" \/>\n<meta property=\"og:image\" content=\"https:\/\/retromodding.fulgore.fr\/wp-content\/uploads\/2022\/04\/B_SNES00-853x1024.jpg\" \/>\n<meta name=\"twitter:card\" content=\"summary_large_image\" \/>\n<meta name=\"twitter:label1\" content=\"Dur\u00e9e de lecture estim\u00e9e\" \/>\n\t<meta name=\"twitter:data1\" content=\"3 minutes\" \/>\n<script type=\"application\/ld+json\" class=\"yoast-schema-graph\">{\"@context\":\"https:\\\/\\\/schema.org\",\"@graph\":[{\"@type\":\"WebPage\",\"@id\":\"https:\\\/\\\/retromodding.fulgore.fr\\\/index.php\\\/galerie-photos\\\/black-snes\\\/\",\"url\":\"https:\\\/\\\/retromodding.fulgore.fr\\\/index.php\\\/galerie-photos\\\/black-snes\\\/\",\"name\":\"Black SNES - RetroModding Nice\",\"isPartOf\":{\"@id\":\"https:\\\/\\\/retromodding.fulgore.fr\\\/#website\"},\"primaryImageOfPage\":{\"@id\":\"https:\\\/\\\/retromodding.fulgore.fr\\\/index.php\\\/galerie-photos\\\/black-snes\\\/#primaryimage\"},\"image\":{\"@id\":\"https:\\\/\\\/retromodding.fulgore.fr\\\/index.php\\\/galerie-photos\\\/black-snes\\\/#primaryimage\"},\"thumbnailUrl\":\"https:\\\/\\\/retromodding.fulgore.fr\\\/wp-content\\\/uploads\\\/2022\\\/04\\\/B_SNES00-853x1024.jpg\",\"datePublished\":\"2022-04-19T16:38:32+00:00\",\"dateModified\":\"2022-04-24T08:44:17+00:00\",\"breadcrumb\":{\"@id\":\"https:\\\/\\\/retromodding.fulgore.fr\\\/index.php\\\/galerie-photos\\\/black-snes\\\/#breadcrumb\"},\"inLanguage\":\"fr-FR\",\"potentialAction\":[{\"@type\":\"ReadAction\",\"target\":[\"https:\\\/\\\/retromodding.fulgore.fr\\\/index.php\\\/galerie-photos\\\/black-snes\\\/\"]}]},{\"@type\":\"ImageObject\",\"inLanguage\":\"fr-FR\",\"@id\":\"https:\\\/\\\/retromodding.fulgore.fr\\\/index.php\\\/galerie-photos\\\/black-snes\\\/#primaryimage\",\"url\":\"https:\\\/\\\/retromodding.fulgore.fr\\\/wp-content\\\/uploads\\\/2022\\\/04\\\/B_SNES00.jpg\",\"contentUrl\":\"https:\\\/\\\/retromodding.fulgore.fr\\\/wp-content\\\/uploads\\\/2022\\\/04\\\/B_SNES00.jpg\",\"width\":1666,\"height\":2000},{\"@type\":\"BreadcrumbList\",\"@id\":\"https:\\\/\\\/retromodding.fulgore.fr\\\/index.php\\\/galerie-photos\\\/black-snes\\\/#breadcrumb\",\"itemListElement\":[{\"@type\":\"ListItem\",\"position\":1,\"name\":\"Accueil\",\"item\":\"https:\\\/\\\/retromodding.fulgore.fr\\\/\"},{\"@type\":\"ListItem\",\"position\":2,\"name\":\"Galerie Photos\",\"item\":\"https:\\\/\\\/retromodding.fulgore.fr\\\/index.php\\\/galerie-photos\\\/\"},{\"@type\":\"ListItem\",\"position\":3,\"name\":\"Black SNES\"}]},{\"@type\":\"WebSite\",\"@id\":\"https:\\\/\\\/retromodding.fulgore.fr\\\/#website\",\"url\":\"https:\\\/\\\/retromodding.fulgore.fr\\\/\",\"name\":\"RetroModding Nice\",\"description\":\"...l&#039;art du retrogaming\",\"publisher\":{\"@id\":\"https:\\\/\\\/retromodding.fulgore.fr\\\/#organization\"},\"potentialAction\":[{\"@type\":\"SearchAction\",\"target\":{\"@type\":\"EntryPoint\",\"urlTemplate\":\"https:\\\/\\\/retromodding.fulgore.fr\\\/?s={search_term_string}\"},\"query-input\":{\"@type\":\"PropertyValueSpecification\",\"valueRequired\":true,\"valueName\":\"search_term_string\"}}],\"inLanguage\":\"fr-FR\"},{\"@type\":\"Organization\",\"@id\":\"https:\\\/\\\/retromodding.fulgore.fr\\\/#organization\",\"name\":\"RetroModding Nice\",\"url\":\"https:\\\/\\\/retromodding.fulgore.fr\\\/\",\"logo\":{\"@type\":\"ImageObject\",\"inLanguage\":\"fr-FR\",\"@id\":\"https:\\\/\\\/retromodding.fulgore.fr\\\/#\\\/schema\\\/logo\\\/image\\\/\",\"url\":\"https:\\\/\\\/retromodding.fulgore.fr\\\/wp-content\\\/uploads\\\/2021\\\/04\\\/cropped-Logo-e1619784478932.jpg\",\"contentUrl\":\"https:\\\/\\\/retromodding.fulgore.fr\\\/wp-content\\\/uploads\\\/2021\\\/04\\\/cropped-Logo-e1619784478932.jpg\",\"width\":492,\"height\":490,\"caption\":\"RetroModding Nice\"},\"image\":{\"@id\":\"https:\\\/\\\/retromodding.fulgore.fr\\\/#\\\/schema\\\/logo\\\/image\\\/\"}}]}<\/script>\n<!-- \/ Yoast SEO plugin. -->","yoast_head_json":{"title":"Black SNES - RetroModding Nice","robots":{"index":"index","follow":"follow","max-snippet":"max-snippet:-1","max-image-preview":"max-image-preview:large","max-video-preview":"max-video-preview:-1"},"canonical":"https:\/\/retromodding.fulgore.fr\/index.php\/galerie-photos\/black-snes\/","og_locale":"fr_FR","og_type":"article","og_title":"Black SNES - RetroModding Nice","og_description":"Le concept de RetroModding Nice est de restaurer et fournir des consoles dans leur \u00e9tat original et proche du neuf. Malgr\u00e9 tout il y a quand-m\u00eame des \u00ab\u00a0sauvetages\u00a0\u00bb en customisant certaine carrosseries qui ne pourraient \u00eatre restaur\u00e9es. La Super Nintendo en est un bon exemple ! En effet beaucoup sont tellement jaunies qu&rsquo;il est impossible&hellip;&nbsp;Lire la suite &raquo;Black SNES","og_url":"https:\/\/retromodding.fulgore.fr\/index.php\/galerie-photos\/black-snes\/","og_site_name":"RetroModding Nice","article_modified_time":"2022-04-24T08:44:17+00:00","og_image":[{"url":"https:\/\/retromodding.fulgore.fr\/wp-content\/uploads\/2022\/04\/B_SNES00-853x1024.jpg","type":"","width":"","height":""}],"twitter_card":"summary_large_image","twitter_misc":{"Dur\u00e9e de lecture estim\u00e9e":"3 minutes"},"schema":{"@context":"https:\/\/schema.org","@graph":[{"@type":"WebPage","@id":"https:\/\/retromodding.fulgore.fr\/index.php\/galerie-photos\/black-snes\/","url":"https:\/\/retromodding.fulgore.fr\/index.php\/galerie-photos\/black-snes\/","name":"Black SNES - RetroModding Nice","isPartOf":{"@id":"https:\/\/retromodding.fulgore.fr\/#website"},"primaryImageOfPage":{"@id":"https:\/\/retromodding.fulgore.fr\/index.php\/galerie-photos\/black-snes\/#primaryimage"},"image":{"@id":"https:\/\/retromodding.fulgore.fr\/index.php\/galerie-photos\/black-snes\/#primaryimage"},"thumbnailUrl":"https:\/\/retromodding.fulgore.fr\/wp-content\/uploads\/2022\/04\/B_SNES00-853x1024.jpg","datePublished":"2022-04-19T16:38:32+00:00","dateModified":"2022-04-24T08:44:17+00:00","breadcrumb":{"@id":"https:\/\/retromodding.fulgore.fr\/index.php\/galerie-photos\/black-snes\/#breadcrumb"},"inLanguage":"fr-FR","potentialAction":[{"@type":"ReadAction","target":["https:\/\/retromodding.fulgore.fr\/index.php\/galerie-photos\/black-snes\/"]}]},{"@type":"ImageObject","inLanguage":"fr-FR","@id":"https:\/\/retromodding.fulgore.fr\/index.php\/galerie-photos\/black-snes\/#primaryimage","url":"https:\/\/retromodding.fulgore.fr\/wp-content\/uploads\/2022\/04\/B_SNES00.jpg","contentUrl":"https:\/\/retromodding.fulgore.fr\/wp-content\/uploads\/2022\/04\/B_SNES00.jpg","width":1666,"height":2000},{"@type":"BreadcrumbList","@id":"https:\/\/retromodding.fulgore.fr\/index.php\/galerie-photos\/black-snes\/#breadcrumb","itemListElement":[{"@type":"ListItem","position":1,"name":"Accueil","item":"https:\/\/retromodding.fulgore.fr\/"},{"@type":"ListItem","position":2,"name":"Galerie Photos","item":"https:\/\/retromodding.fulgore.fr\/index.php\/galerie-photos\/"},{"@type":"ListItem","position":3,"name":"Black SNES"}]},{"@type":"WebSite","@id":"https:\/\/retromodding.fulgore.fr\/#website","url":"https:\/\/retromodding.fulgore.fr\/","name":"RetroModding Nice","description":"...l&#039;art du retrogaming","publisher":{"@id":"https:\/\/retromodding.fulgore.fr\/#organization"},"potentialAction":[{"@type":"SearchAction","target":{"@type":"EntryPoint","urlTemplate":"https:\/\/retromodding.fulgore.fr\/?s={search_term_string}"},"query-input":{"@type":"PropertyValueSpecification","valueRequired":true,"valueName":"search_term_string"}}],"inLanguage":"fr-FR"},{"@type":"Organization","@id":"https:\/\/retromodding.fulgore.fr\/#organization","name":"RetroModding Nice","url":"https:\/\/retromodding.fulgore.fr\/","logo":{"@type":"ImageObject","inLanguage":"fr-FR","@id":"https:\/\/retromodding.fulgore.fr\/#\/schema\/logo\/image\/","url":"https:\/\/retromodding.fulgore.fr\/wp-content\/uploads\/2021\/04\/cropped-Logo-e1619784478932.jpg","contentUrl":"https:\/\/retromodding.fulgore.fr\/wp-content\/uploads\/2021\/04\/cropped-Logo-e1619784478932.jpg","width":492,"height":490,"caption":"RetroModding Nice"},"image":{"@id":"https:\/\/retromodding.fulgore.fr\/#\/schema\/logo\/image\/"}}]}},"jetpack_sharing_enabled":true,"_links":{"self":[{"href":"https:\/\/retromodding.fulgore.fr\/index.php\/wp-json\/wp\/v2\/pages\/784","targetHints":{"allow":["GET"]}}],"collection":[{"href":"https:\/\/retromodding.fulgore.fr\/index.php\/wp-json\/wp\/v2\/pages"}],"about":[{"href":"https:\/\/retromodding.fulgore.fr\/index.php\/wp-json\/wp\/v2\/types\/page"}],"author":[{"embeddable":true,"href":"https:\/\/retromodding.fulgore.fr\/index.php\/wp-json\/wp\/v2\/users\/1"}],"replies":[{"embeddable":true,"href":"https:\/\/retromodding.fulgore.fr\/index.php\/wp-json\/wp\/v2\/comments?post=784"}],"version-history":[{"count":5,"href":"https:\/\/retromodding.fulgore.fr\/index.php\/wp-json\/wp\/v2\/pages\/784\/revisions"}],"predecessor-version":[{"id":899,"href":"https:\/\/retromodding.fulgore.fr\/index.php\/wp-json\/wp\/v2\/pages\/784\/revisions\/899"}],"up":[{"embeddable":true,"href":"https:\/\/retromodding.fulgore.fr\/index.php\/wp-json\/wp\/v2\/pages\/391"}],"wp:attachment":[{"href":"https:\/\/retromodding.fulgore.fr\/index.php\/wp-json\/wp\/v2\/media?parent=784"}],"curies":[{"name":"wp","href":"https:\/\/api.w.org\/{rel}","templated":true}]}}