{"id":19,"date":"2021-04-30T14:10:23","date_gmt":"2021-04-30T12:10:23","guid":{"rendered":"https:\/\/www.fulgore.fr\/retromodding\/?page_id=19"},"modified":"2022-04-19T21:25:42","modified_gmt":"2022-04-19T19:25:42","slug":"portofolio","status":"publish","type":"page","link":"https:\/\/retromodding.fulgore.fr\/index.php\/portofolio\/","title":{"rendered":"Services"},"content":{"rendered":"\n<div class=\"wp-block-cover alignfull\" style=\"min-height:300px;aspect-ratio:unset;\"><span aria-hidden=\"true\" class=\"has-nv-site-bg-background-color has-background-dim-100 wp-block-cover__gradient-background has-background-dim\"><\/span><div class=\"wp-block-cover__inner-container is-layout-flow wp-block-cover-is-layout-flow\">\n<div class=\"wp-block-group\"><div class=\"wp-block-group__inner-container is-layout-flow wp-block-group-is-layout-flow\">\n<h1 class=\"has-text-align-left has-neve-text-color-color has-text-color wp-block-heading\">Services propos\u00e9s<\/h1>\n<\/div><\/div>\n<\/div><\/div>\n\n\n\n<div class=\"wp-block-cover alignfull\" style=\"min-height:600px;aspect-ratio:unset;\"><span aria-hidden=\"true\" class=\"has-nv-light-bg-background-color has-background-dim-100 wp-block-cover__gradient-background has-background-dim\"><\/span><div class=\"wp-block-cover__inner-container is-layout-flow wp-block-cover-is-layout-flow\">\n<div class=\"wp-block-group\"><div class=\"wp-block-group__inner-container is-layout-flow wp-block-group-is-layout-flow\">\n<div style=\"height:80px\" aria-hidden=\"true\" class=\"wp-block-spacer\"><\/div>\n\n\n\n<div class=\"wp-block-columns are-vertically-aligned-center is-layout-flex wp-container-core-columns-is-layout-9d6595d7 wp-block-columns-is-layout-flex\">\n<div class=\"wp-block-column is-vertically-aligned-center is-layout-flow wp-block-column-is-layout-flow\" style=\"flex-basis:50%\">\n<div class=\"wp-block-image\"><figure class=\"aligncenter size-full\"><img loading=\"lazy\" decoding=\"async\" width=\"676\" height=\"720\" src=\"https:\/\/retromodding.fulgore.fr\/wp-content\/uploads\/2021\/05\/Cartmods.jpg\" alt=\"\" class=\"wp-image-142\" srcset=\"https:\/\/retromodding.fulgore.fr\/wp-content\/uploads\/2021\/05\/Cartmods.jpg 676w, https:\/\/retromodding.fulgore.fr\/wp-content\/uploads\/2021\/05\/Cartmods-600x639.jpg 600w, https:\/\/retromodding.fulgore.fr\/wp-content\/uploads\/2021\/05\/Cartmods-282x300.jpg 282w\" sizes=\"auto, (max-width: 676px) 100vw, 676px\" \/><\/figure><\/div>\n\n\n\n<h3 class=\"has-text-align-center has-neve-text-color-color has-text-color wp-block-heading\">Cartmods Super Nintendo<\/h3>\n\n\n\n<p class=\"has-text-align-center\"><mark style=\"background-color:rgba(0, 0, 0, 0)\" class=\"has-inline-color has-neve-link-color-color\">Cartmods personnalis\u00e9.<br>Ici en exemple : <strong><em>Chrono Trigger<\/em><\/strong> et <strong><em>Final Fantasy VI<\/em><\/strong> traduit en Fran\u00e7ais et cartouches universelles PAL et NTSC<\/mark><\/p>\n\n\n\n<div class=\"wp-block-buttons alignwide is-horizontal is-content-justification-center is-layout-flex wp-container-core-buttons-is-layout-499968f5 wp-block-buttons-is-layout-flex\">\n<div class=\"wp-block-button is-style-primary\"><a class=\"wp-block-button__link has-luminous-vivid-amber-to-luminous-vivid-orange-gradient-background has-background\" href=\"https:\/\/retromodding.fulgore.fr\/index.php\/project-details\/#cartmods-snes\" style=\"border-radius:16px\">+ DETAILS<\/a><\/div>\n\n\n\n<div class=\"wp-block-button is-style-primary\"><a class=\"wp-block-button__link has-luminous-vivid-amber-to-luminous-vivid-orange-gradient-background has-background\" href=\"https:\/\/retromodding.fulgore.fr\/index.php\/galerie-photos\/galerie-cartmods\/#cartmods-r\u00e9alis\u00e9\" style=\"border-radius:16px\">Galerie PHOTOS<\/a><\/div>\n<\/div>\n\n\n\n<div style=\"height:40px\" aria-hidden=\"true\" class=\"wp-block-spacer\"><\/div>\n<\/div>\n\n\n\n<div class=\"wp-block-column is-vertically-aligned-center is-layout-flow wp-block-column-is-layout-flow\" style=\"flex-basis:50%\">\n<div class=\"wp-block-group\"><div class=\"wp-block-group__inner-container is-layout-flow wp-block-group-is-layout-flow\">\n<figure class=\"wp-block-gallery aligncenter has-nested-images columns-default is-cropped wp-block-gallery-1 is-layout-flex wp-block-gallery-is-layout-flex\">\n<figure class=\"wp-block-image size-full is-style-default\"><img loading=\"lazy\" decoding=\"async\" width=\"996\" height=\"720\" data-id=\"146\" src=\"https:\/\/retromodding.fulgore.fr\/wp-content\/uploads\/2021\/05\/Switchless.jpg\" alt=\"\" class=\"wp-image-146\" srcset=\"https:\/\/retromodding.fulgore.fr\/wp-content\/uploads\/2021\/05\/Switchless.jpg 996w, https:\/\/retromodding.fulgore.fr\/wp-content\/uploads\/2021\/05\/Switchless-600x434.jpg 600w, https:\/\/retromodding.fulgore.fr\/wp-content\/uploads\/2021\/05\/Switchless-300x217.jpg 300w, https:\/\/retromodding.fulgore.fr\/wp-content\/uploads\/2021\/05\/Switchless-768x555.jpg 768w\" sizes=\"auto, (max-width: 996px) 100vw, 996px\" \/><\/figure>\n<\/figure>\n<\/div><\/div>\n\n\n\n<h3 class=\"has-text-align-center has-neve-text-color-color has-text-color wp-block-heading\">MOD Switchless<\/h3>\n\n\n\n<p class=\"has-text-align-center has-neve-text-color-color has-text-color\">Le MOD Switchless permet de d\u00e9zoner une console sans interrupteur. En effet la pose d&rsquo;une puce permet le passage du 50Hz au 60Hz en appuyant sur le bouton RESET.<br>Ce MOD est compatible avec les consoles <strong>Super Nintendo<\/strong>, <strong>Megadrive<\/strong>, <strong>Master System<\/strong>, <strong>Sega Saturn<\/strong> &#8230;<\/p>\n\n\n\n<div class=\"wp-block-buttons is-horizontal is-content-justification-center is-layout-flex wp-container-core-buttons-is-layout-499968f5 wp-block-buttons-is-layout-flex\">\n<div class=\"wp-block-button is-style-primary\"><a class=\"wp-block-button__link has-luminous-vivid-amber-to-luminous-vivid-orange-gradient-background has-background\" href=\"#\" style=\"border-radius:16px\">+ DETAILS<\/a><\/div>\n\n\n\n<div class=\"wp-block-button is-style-primary\"><a class=\"wp-block-button__link has-luminous-vivid-amber-to-luminous-vivid-orange-gradient-background has-background\" href=\"https:\/\/retromodding.fulgore.fr\/index.php\/galerie-photos\/switchless-snes\/\" style=\"border-radius:16px\">Galerie PHOTOS<\/a><\/div>\n<\/div>\n\n\n\n<div style=\"height:40px\" aria-hidden=\"true\" class=\"wp-block-spacer\"><\/div>\n<\/div>\n<\/div>\n\n\n\n<div style=\"height:40px\" aria-hidden=\"true\" class=\"wp-block-spacer\"><\/div>\n<\/div><\/div>\n<\/div><\/div>\n\n\n\n<div class=\"wp-block-cover alignfull\" style=\"min-height:600px;aspect-ratio:unset;\"><span aria-hidden=\"true\" class=\"has-nv-site-bg-background-color has-background-dim-100 wp-block-cover__gradient-background has-background-dim\"><\/span><div class=\"wp-block-cover__inner-container is-layout-flow wp-block-cover-is-layout-flow\">\n<div class=\"wp-block-group\"><div class=\"wp-block-group__inner-container is-layout-flow wp-block-group-is-layout-flow\">\n<div style=\"height:80px\" aria-hidden=\"true\" class=\"wp-block-spacer\"><\/div>\n\n\n\n<div class=\"wp-block-columns are-vertically-aligned-center is-layout-flex wp-container-core-columns-is-layout-9d6595d7 wp-block-columns-is-layout-flex\">\n<div class=\"wp-block-column is-vertically-aligned-center is-layout-flow wp-block-column-is-layout-flow\" style=\"flex-basis:50%\">\n<figure class=\"wp-block-image size-large\"><img loading=\"lazy\" decoding=\"async\" width=\"910\" height=\"1024\" src=\"https:\/\/retromodding.fulgore.fr\/wp-content\/uploads\/2021\/05\/SGG-910x1024.jpg\" alt=\"\" class=\"wp-image-141\" srcset=\"https:\/\/retromodding.fulgore.fr\/wp-content\/uploads\/2021\/05\/SGG-910x1024.jpg 910w, https:\/\/retromodding.fulgore.fr\/wp-content\/uploads\/2021\/05\/SGG-600x675.jpg 600w, https:\/\/retromodding.fulgore.fr\/wp-content\/uploads\/2021\/05\/SGG-267x300.jpg 267w, https:\/\/retromodding.fulgore.fr\/wp-content\/uploads\/2021\/05\/SGG-768x864.jpg 768w, https:\/\/retromodding.fulgore.fr\/wp-content\/uploads\/2021\/05\/SGG.jpg 1280w\" sizes=\"auto, (max-width: 910px) 100vw, 910px\" \/><\/figure>\n\n\n\n<h3 class=\"has-text-align-center has-neve-text-color-color has-text-color wp-block-heading\">SEGA GAME GEAR<br>MOD \u00e9cran LCD \u00ab\u00a0McWill\u00a0\u00bb<\/h3>\n\n\n\n<p class=\"has-text-align-center has-neve-text-color-color has-text-color\">Red\u00e9couvrez la <strong>Game Gear<\/strong> avec cet \u00e9cran moderne.<br>Am\u00e9lioration de l&rsquo;image et une grande autonomie gr\u00e2ce au circuit basse consommation.<\/p>\n\n\n\n<div class=\"wp-block-buttons is-horizontal is-content-justification-center is-layout-flex wp-container-core-buttons-is-layout-499968f5 wp-block-buttons-is-layout-flex\">\n<div class=\"wp-block-button is-style-primary\"><a class=\"wp-block-button__link has-luminous-vivid-amber-to-luminous-vivid-orange-gradient-background has-background\" href=\"https:\/\/retromodding.fulgore.fr\/index.php\/galerie-photos\/game-gear\/\" style=\"border-radius:16px\">+ DETAILS<\/a><\/div>\n\n\n\n<div class=\"wp-block-button is-style-primary\"><a class=\"wp-block-button__link has-luminous-vivid-amber-to-luminous-vivid-orange-gradient-background has-background\" href=\"https:\/\/retromodding.fulgore.fr\/index.php\/galerie-photos\/game-gear\/\" style=\"border-radius:16px\">Galerie PHOTOS<\/a><\/div>\n<\/div>\n\n\n\n<div style=\"height:40px\" aria-hidden=\"true\" class=\"wp-block-spacer\"><\/div>\n<\/div>\n\n\n\n<div class=\"wp-block-column is-vertically-aligned-center is-layout-flow wp-block-column-is-layout-flow\" style=\"flex-basis:50%\">\n<div class=\"wp-block-image\"><figure class=\"aligncenter size-large is-resized\"><img loading=\"lazy\" decoding=\"async\" src=\"https:\/\/retromodding.fulgore.fr\/wp-content\/uploads\/2021\/05\/exportation-e1620111357907-edited.png\" alt=\"\" class=\"wp-image-253\" width=\"476\" height=\"465\" srcset=\"https:\/\/retromodding.fulgore.fr\/wp-content\/uploads\/2021\/05\/exportation-e1620111357907-edited.png 378w, https:\/\/retromodding.fulgore.fr\/wp-content\/uploads\/2021\/05\/exportation-e1620111357907-edited-300x294.png 300w\" sizes=\"auto, (max-width: 476px) 100vw, 476px\" \/><\/figure><\/div>\n\n\n\n<h3 class=\"has-text-align-center has-neve-text-color-color has-text-color wp-block-heading\">Nintendo 64 MOD RGB \u00ab\u00a0Officiel\u00a0\u00bb<\/h3>\n\n\n\n<p class=\"has-text-align-center has-neve-text-color-color has-text-color\">Assemblage des 14 composants CMS sur carte-m\u00e8re compatible <strong>NUS-001(FRA)<\/strong><\/p>\n\n\n\n<div class=\"wp-block-buttons is-horizontal is-content-justification-center is-layout-flex wp-container-core-buttons-is-layout-499968f5 wp-block-buttons-is-layout-flex\">\n<div class=\"wp-block-button is-style-primary\"><a class=\"wp-block-button__link has-luminous-vivid-amber-to-luminous-vivid-orange-gradient-background has-background\" href=\"https:\/\/retromodding.fulgore.fr\/index.php\/project-details\/#rgb-n64\" style=\"border-radius:16px\">+ DETAILS<\/a><\/div>\n<\/div>\n\n\n\n<div style=\"height:40px\" aria-hidden=\"true\" class=\"wp-block-spacer\"><\/div>\n<\/div>\n<\/div>\n\n\n\n<div style=\"height:40px\" aria-hidden=\"true\" class=\"wp-block-spacer\"><\/div>\n<\/div><\/div>\n<\/div><\/div>\n\n\n\n<div class=\"wp-block-cover alignfull\" style=\"min-height:300px;aspect-ratio:unset;\"><span aria-hidden=\"true\" class=\"has-nv-dark-bg-background-color has-background-dim-100 wp-block-cover__gradient-background has-background-dim\"><\/span><div class=\"wp-block-cover__inner-container is-layout-flow wp-block-cover-is-layout-flow\">\n<div style=\"height:80px\" aria-hidden=\"true\" class=\"wp-block-spacer\"><\/div>\n\n\n\n<div class=\"wp-block-image is-style-rounded\"><figure class=\"aligncenter is-resized\"><img loading=\"lazy\" decoding=\"async\" src=\"https:\/\/www.fulgore.fr\/retromodding\/wp-content\/uploads\/2021\/05\/Hellfest_500x500.jpg\" alt=\"\" class=\"wp-image-149\" width=\"108\" height=\"108\" srcset=\"https:\/\/retromodding.fulgore.fr\/wp-content\/uploads\/2021\/05\/Hellfest_500x500.jpg 500w, https:\/\/retromodding.fulgore.fr\/wp-content\/uploads\/2021\/05\/Hellfest_500x500-300x300.jpg 300w, https:\/\/retromodding.fulgore.fr\/wp-content\/uploads\/2021\/05\/Hellfest_500x500-100x100.jpg 100w, https:\/\/retromodding.fulgore.fr\/wp-content\/uploads\/2021\/05\/Hellfest_500x500-150x150.jpg 150w\" sizes=\"auto, (max-width: 108px) 100vw, 108px\" \/><\/figure><\/div>\n\n\n\n<p class=\"has-text-align-center has-nv-text-dark-bg-color has-text-color\"><em>\u00ab\u00a0Le modding au service des passionn\u00e9s\u00a0\u00bb <\/em><\/p>\n\n\n\n<p class=\"has-text-align-center has-nv-text-dark-bg-color has-text-color\" style=\"font-size:14px\">FULGORE<\/p>\n\n\n\n<div style=\"height:80px\" aria-hidden=\"true\" class=\"wp-block-spacer\"><\/div>\n<\/div><\/div>\n","protected":false},"excerpt":{"rendered":"","protected":false},"author":1,"featured_media":0,"parent":0,"menu_order":0,"comment_status":"closed","ping_status":"closed","template":"","meta":{"neve_meta_sidebar":"","neve_meta_container":"","neve_meta_enable_content_width":"on","neve_meta_content_width":100,"neve_meta_title_alignment":"","neve_meta_author_avatar":"","neve_post_elements_order":"","neve_meta_disable_header":"","neve_meta_disable_footer":"","neve_meta_disable_title":"on","footnotes":""},"class_list":["post-19","page","type-page","status-publish","hentry"],"yoast_head":"<!-- This site is optimized with the Yoast SEO plugin v27.4 - https:\/\/yoast.com\/product\/yoast-seo-wordpress\/ -->\n<title>Services - RetroModding Nice<\/title>\n<meta name=\"robots\" content=\"index, follow, max-snippet:-1, max-image-preview:large, max-video-preview:-1\" \/>\n<link rel=\"canonical\" href=\"https:\/\/retromodding.fulgore.fr\/index.php\/portofolio\/\" \/>\n<meta property=\"og:locale\" content=\"fr_FR\" \/>\n<meta property=\"og:type\" content=\"article\" \/>\n<meta property=\"og:title\" content=\"Services - RetroModding Nice\" \/>\n<meta property=\"og:url\" content=\"https:\/\/retromodding.fulgore.fr\/index.php\/portofolio\/\" \/>\n<meta property=\"og:site_name\" content=\"RetroModding Nice\" \/>\n<meta property=\"article:modified_time\" content=\"2022-04-19T19:25:42+00:00\" \/>\n<meta property=\"og:image\" content=\"https:\/\/retromodding.fulgore.fr\/wp-content\/uploads\/2021\/05\/Cartmods.jpg\" \/>\n<meta name=\"twitter:card\" content=\"summary_large_image\" \/>\n<meta name=\"twitter:label1\" content=\"Dur\u00e9e de lecture estim\u00e9e\" \/>\n\t<meta name=\"twitter:data1\" content=\"2 minutes\" \/>\n<script type=\"application\/ld+json\" class=\"yoast-schema-graph\">{\"@context\":\"https:\\\/\\\/schema.org\",\"@graph\":[{\"@type\":\"WebPage\",\"@id\":\"https:\\\/\\\/retromodding.fulgore.fr\\\/index.php\\\/portofolio\\\/\",\"url\":\"https:\\\/\\\/retromodding.fulgore.fr\\\/index.php\\\/portofolio\\\/\",\"name\":\"Services - RetroModding Nice\",\"isPartOf\":{\"@id\":\"https:\\\/\\\/retromodding.fulgore.fr\\\/#website\"},\"primaryImageOfPage\":{\"@id\":\"https:\\\/\\\/retromodding.fulgore.fr\\\/index.php\\\/portofolio\\\/#primaryimage\"},\"image\":{\"@id\":\"https:\\\/\\\/retromodding.fulgore.fr\\\/index.php\\\/portofolio\\\/#primaryimage\"},\"thumbnailUrl\":\"https:\\\/\\\/retromodding.fulgore.fr\\\/wp-content\\\/uploads\\\/2021\\\/05\\\/Cartmods.jpg\",\"datePublished\":\"2021-04-30T12:10:23+00:00\",\"dateModified\":\"2022-04-19T19:25:42+00:00\",\"breadcrumb\":{\"@id\":\"https:\\\/\\\/retromodding.fulgore.fr\\\/index.php\\\/portofolio\\\/#breadcrumb\"},\"inLanguage\":\"fr-FR\",\"potentialAction\":[{\"@type\":\"ReadAction\",\"target\":[\"https:\\\/\\\/retromodding.fulgore.fr\\\/index.php\\\/portofolio\\\/\"]}]},{\"@type\":\"ImageObject\",\"inLanguage\":\"fr-FR\",\"@id\":\"https:\\\/\\\/retromodding.fulgore.fr\\\/index.php\\\/portofolio\\\/#primaryimage\",\"url\":\"https:\\\/\\\/retromodding.fulgore.fr\\\/wp-content\\\/uploads\\\/2021\\\/05\\\/Cartmods.jpg\",\"contentUrl\":\"https:\\\/\\\/retromodding.fulgore.fr\\\/wp-content\\\/uploads\\\/2021\\\/05\\\/Cartmods.jpg\",\"width\":676,\"height\":720},{\"@type\":\"BreadcrumbList\",\"@id\":\"https:\\\/\\\/retromodding.fulgore.fr\\\/index.php\\\/portofolio\\\/#breadcrumb\",\"itemListElement\":[{\"@type\":\"ListItem\",\"position\":1,\"name\":\"Accueil\",\"item\":\"https:\\\/\\\/retromodding.fulgore.fr\\\/\"},{\"@type\":\"ListItem\",\"position\":2,\"name\":\"Services\"}]},{\"@type\":\"WebSite\",\"@id\":\"https:\\\/\\\/retromodding.fulgore.fr\\\/#website\",\"url\":\"https:\\\/\\\/retromodding.fulgore.fr\\\/\",\"name\":\"RetroModding Nice\",\"description\":\"...l&#039;art du retrogaming\",\"publisher\":{\"@id\":\"https:\\\/\\\/retromodding.fulgore.fr\\\/#organization\"},\"potentialAction\":[{\"@type\":\"SearchAction\",\"target\":{\"@type\":\"EntryPoint\",\"urlTemplate\":\"https:\\\/\\\/retromodding.fulgore.fr\\\/?s={search_term_string}\"},\"query-input\":{\"@type\":\"PropertyValueSpecification\",\"valueRequired\":true,\"valueName\":\"search_term_string\"}}],\"inLanguage\":\"fr-FR\"},{\"@type\":\"Organization\",\"@id\":\"https:\\\/\\\/retromodding.fulgore.fr\\\/#organization\",\"name\":\"RetroModding Nice\",\"url\":\"https:\\\/\\\/retromodding.fulgore.fr\\\/\",\"logo\":{\"@type\":\"ImageObject\",\"inLanguage\":\"fr-FR\",\"@id\":\"https:\\\/\\\/retromodding.fulgore.fr\\\/#\\\/schema\\\/logo\\\/image\\\/\",\"url\":\"https:\\\/\\\/retromodding.fulgore.fr\\\/wp-content\\\/uploads\\\/2021\\\/04\\\/cropped-Logo-e1619784478932.jpg\",\"contentUrl\":\"https:\\\/\\\/retromodding.fulgore.fr\\\/wp-content\\\/uploads\\\/2021\\\/04\\\/cropped-Logo-e1619784478932.jpg\",\"width\":492,\"height\":490,\"caption\":\"RetroModding Nice\"},\"image\":{\"@id\":\"https:\\\/\\\/retromodding.fulgore.fr\\\/#\\\/schema\\\/logo\\\/image\\\/\"}}]}<\/script>\n<!-- \/ Yoast SEO plugin. -->","yoast_head_json":{"title":"Services - RetroModding Nice","robots":{"index":"index","follow":"follow","max-snippet":"max-snippet:-1","max-image-preview":"max-image-preview:large","max-video-preview":"max-video-preview:-1"},"canonical":"https:\/\/retromodding.fulgore.fr\/index.php\/portofolio\/","og_locale":"fr_FR","og_type":"article","og_title":"Services - RetroModding Nice","og_url":"https:\/\/retromodding.fulgore.fr\/index.php\/portofolio\/","og_site_name":"RetroModding Nice","article_modified_time":"2022-04-19T19:25:42+00:00","og_image":[{"url":"https:\/\/retromodding.fulgore.fr\/wp-content\/uploads\/2021\/05\/Cartmods.jpg","type":"","width":"","height":""}],"twitter_card":"summary_large_image","twitter_misc":{"Dur\u00e9e de lecture estim\u00e9e":"2 minutes"},"schema":{"@context":"https:\/\/schema.org","@graph":[{"@type":"WebPage","@id":"https:\/\/retromodding.fulgore.fr\/index.php\/portofolio\/","url":"https:\/\/retromodding.fulgore.fr\/index.php\/portofolio\/","name":"Services - RetroModding Nice","isPartOf":{"@id":"https:\/\/retromodding.fulgore.fr\/#website"},"primaryImageOfPage":{"@id":"https:\/\/retromodding.fulgore.fr\/index.php\/portofolio\/#primaryimage"},"image":{"@id":"https:\/\/retromodding.fulgore.fr\/index.php\/portofolio\/#primaryimage"},"thumbnailUrl":"https:\/\/retromodding.fulgore.fr\/wp-content\/uploads\/2021\/05\/Cartmods.jpg","datePublished":"2021-04-30T12:10:23+00:00","dateModified":"2022-04-19T19:25:42+00:00","breadcrumb":{"@id":"https:\/\/retromodding.fulgore.fr\/index.php\/portofolio\/#breadcrumb"},"inLanguage":"fr-FR","potentialAction":[{"@type":"ReadAction","target":["https:\/\/retromodding.fulgore.fr\/index.php\/portofolio\/"]}]},{"@type":"ImageObject","inLanguage":"fr-FR","@id":"https:\/\/retromodding.fulgore.fr\/index.php\/portofolio\/#primaryimage","url":"https:\/\/retromodding.fulgore.fr\/wp-content\/uploads\/2021\/05\/Cartmods.jpg","contentUrl":"https:\/\/retromodding.fulgore.fr\/wp-content\/uploads\/2021\/05\/Cartmods.jpg","width":676,"height":720},{"@type":"BreadcrumbList","@id":"https:\/\/retromodding.fulgore.fr\/index.php\/portofolio\/#breadcrumb","itemListElement":[{"@type":"ListItem","position":1,"name":"Accueil","item":"https:\/\/retromodding.fulgore.fr\/"},{"@type":"ListItem","position":2,"name":"Services"}]},{"@type":"WebSite","@id":"https:\/\/retromodding.fulgore.fr\/#website","url":"https:\/\/retromodding.fulgore.fr\/","name":"RetroModding Nice","description":"...l&#039;art du retrogaming","publisher":{"@id":"https:\/\/retromodding.fulgore.fr\/#organization"},"potentialAction":[{"@type":"SearchAction","target":{"@type":"EntryPoint","urlTemplate":"https:\/\/retromodding.fulgore.fr\/?s={search_term_string}"},"query-input":{"@type":"PropertyValueSpecification","valueRequired":true,"valueName":"search_term_string"}}],"inLanguage":"fr-FR"},{"@type":"Organization","@id":"https:\/\/retromodding.fulgore.fr\/#organization","name":"RetroModding Nice","url":"https:\/\/retromodding.fulgore.fr\/","logo":{"@type":"ImageObject","inLanguage":"fr-FR","@id":"https:\/\/retromodding.fulgore.fr\/#\/schema\/logo\/image\/","url":"https:\/\/retromodding.fulgore.fr\/wp-content\/uploads\/2021\/04\/cropped-Logo-e1619784478932.jpg","contentUrl":"https:\/\/retromodding.fulgore.fr\/wp-content\/uploads\/2021\/04\/cropped-Logo-e1619784478932.jpg","width":492,"height":490,"caption":"RetroModding Nice"},"image":{"@id":"https:\/\/retromodding.fulgore.fr\/#\/schema\/logo\/image\/"}}]}},"jetpack_sharing_enabled":true,"_links":{"self":[{"href":"https:\/\/retromodding.fulgore.fr\/index.php\/wp-json\/wp\/v2\/pages\/19","targetHints":{"allow":["GET"]}}],"collection":[{"href":"https:\/\/retromodding.fulgore.fr\/index.php\/wp-json\/wp\/v2\/pages"}],"about":[{"href":"https:\/\/retromodding.fulgore.fr\/index.php\/wp-json\/wp\/v2\/types\/page"}],"author":[{"embeddable":true,"href":"https:\/\/retromodding.fulgore.fr\/index.php\/wp-json\/wp\/v2\/users\/1"}],"replies":[{"embeddable":true,"href":"https:\/\/retromodding.fulgore.fr\/index.php\/wp-json\/wp\/v2\/comments?post=19"}],"version-history":[{"count":23,"href":"https:\/\/retromodding.fulgore.fr\/index.php\/wp-json\/wp\/v2\/pages\/19\/revisions"}],"predecessor-version":[{"id":876,"href":"https:\/\/retromodding.fulgore.fr\/index.php\/wp-json\/wp\/v2\/pages\/19\/revisions\/876"}],"wp:attachment":[{"href":"https:\/\/retromodding.fulgore.fr\/index.php\/wp-json\/wp\/v2\/media?parent=19"}],"curies":[{"name":"wp","href":"https:\/\/api.w.org\/{rel}","templated":true}]}}