{"id":16,"date":"2021-04-30T14:10:23","date_gmt":"2021-04-30T12:10:23","guid":{"rendered":"https:\/\/www.fulgore.fr\/retromodding\/?page_id=16"},"modified":"2024-10-02T20:14:10","modified_gmt":"2024-10-02T18:14:10","slug":"home","status":"publish","type":"page","link":"https:\/\/retromodding.fulgore.fr\/","title":{"rendered":"Accueil"},"content":{"rendered":"\n<div class=\"wp-block-cover alignfull\" style=\"min-height:802px;aspect-ratio:unset;\"><span aria-hidden=\"true\" class=\"wp-block-cover__background has-nv-light-bg-background-color has-background-dim-100 has-background-dim\"><\/span><div class=\"wp-block-cover__inner-container is-layout-flow wp-block-cover-is-layout-flow\">\n<div style=\"height:80px\" aria-hidden=\"true\" class=\"wp-block-spacer\"><\/div>\n\n\n<div class=\"wp-block-image\">\n<figure class=\"aligncenter size-large\"><img loading=\"lazy\" decoding=\"async\" width=\"1024\" height=\"427\" src=\"https:\/\/retromodding.fulgore.fr\/wp-content\/uploads\/2021\/05\/73200476_102352944533870_1120078920486486016_n-1024x427.png\" alt=\"\" class=\"wp-image-241\" srcset=\"https:\/\/retromodding.fulgore.fr\/wp-content\/uploads\/2021\/05\/73200476_102352944533870_1120078920486486016_n-1024x427.png 1024w, https:\/\/retromodding.fulgore.fr\/wp-content\/uploads\/2021\/05\/73200476_102352944533870_1120078920486486016_n-600x250.png 600w, https:\/\/retromodding.fulgore.fr\/wp-content\/uploads\/2021\/05\/73200476_102352944533870_1120078920486486016_n-300x125.png 300w, https:\/\/retromodding.fulgore.fr\/wp-content\/uploads\/2021\/05\/73200476_102352944533870_1120078920486486016_n-768x320.png 768w, https:\/\/retromodding.fulgore.fr\/wp-content\/uploads\/2021\/05\/73200476_102352944533870_1120078920486486016_n-1536x640.png 1536w, https:\/\/retromodding.fulgore.fr\/wp-content\/uploads\/2021\/05\/73200476_102352944533870_1120078920486486016_n.png 1920w\" sizes=\"auto, (max-width: 1024px) 100vw, 1024px\" \/><\/figure>\n<\/div>\n\n\n<p class=\"has-text-align-center has-text-color\" style=\"color:#121212;font-size:25px\">Bienvenue sur <strong>RetroModding Nice<\/strong> !<\/p>\n\n\n\n<pre class=\"wp-block-verse has-text-align-center\"><strong><mark style=\"background-color:rgba(0, 0, 0, 0);color:#41af31\" class=\"has-inline-color\">Vente, restauration, modification de consoles r\u00e9tro.<br>R\u00e9alisation de Cartmods pour Super Nintendo et SEGA Megadrive.<\/mark><\/strong><br><strong><mark style=\"background-color:rgba(0, 0, 0, 0);color:#41af31\" class=\"has-inline-color\">MOD RGB toutes consoles*, pose de puces (switch\/modchip Picoboot Picofly), Switchless.<br>R\u00e9paration consoles, accessoires, cartouches de jeux, alimentations, PERITEL RGB...<br>Retrobright (d\u00e9jaunissement des consoles et accessoires)<\/mark><\/strong><\/pre>\n\n\n\n<p><\/p>\n\n\n\n<p class=\"has-text-align-center has-neve-link-color-color has-text-color\">V<mark style=\"background-color:rgba(0, 0, 0, 0)\" class=\"has-inline-color has-neve-link-color-color\">ous trouverez mes ventes sur <strong>Leboncoin<\/strong> ici :<\/mark> <strong><a href=\"https:\/\/www.leboncoin.fr\/profil\/0a4178ea-1275-4db0-9bc6-7c17e71548b9\" target=\"_blank\" rel=\"noreferrer noopener\"><mark style=\"background-color:rgba(0, 0, 0, 0);color:#0278ab\" class=\"has-inline-color\">Profil de RetroModding Nice<\/mark><\/a><\/strong><a data-type=\"URL\" data-id=\"https:\/\/www.leboncoin.fr\/profil\/2d899eb5-10f0-4ce9-b432-38e196ea863c\" href=\"https:\/\/www.leboncoin.fr\/profil\/2d899eb5-10f0-4ce9-b432-38e196ea863c\" target=\"_blank\" rel=\"noreferrer noopener\"><strong><mark style=\"background-color:rgba(0, 0, 0, 0)\" class=\"has-inline-color has-neve-link-color-color\"><\/mark><\/strong><\/a><br>ou tout simplement si vous avez une demande sp\u00e9cifique, vous pouvez me faire une demande de <strong>devis<\/strong> dans la rubrique <strong><a data-type=\"page\" data-id=\"20\" href=\"https:\/\/retromodding.fulgore.fr\/index.php\/project-details\/\"><mark style=\"background-color:rgba(0, 0, 0, 0);color:#0278ab\" class=\"has-inline-color\">TARIFS<\/mark><\/a><\/strong> ou par tchat via <strong><a href=\"https:\/\/m.me\/retromodding06\"><mark style=\"background-color:rgba(0, 0, 0, 0);color:#297da9\" class=\"has-inline-color\">MESSENGER<\/mark><\/a><\/strong><\/p>\n\n\n\n<p class=\"has-text-align-center\"><mark style=\"background-color:rgba(0, 0, 0, 0)\" class=\"has-inline-color has-neve-link-color-color\">Je vous invite \u00e0 suivre la page Facebook de <\/mark><a href=\"https:\/\/www.facebook.com\/RetroModding06\/\" target=\"_blank\" rel=\"noreferrer noopener\"><strong><mark style=\"background-color:rgba(0, 0, 0, 0);color:#0278ab\" class=\"has-inline-color\">RetroModding Nice<\/mark><\/strong><\/a><\/p>\n\n\n\n<p class=\"has-text-align-center\"><mark style=\"background-color:rgba(0, 0, 0, 0)\" class=\"has-inline-color has-neve-link-color-color\">Pour toute autre demande ou suggestion, vous pouvez me contacter par <\/mark><a href=\"https:\/\/m.me\/retromodding06\"><strong><mark style=\"background-color:rgba(0, 0, 0, 0);color:#297da9\" class=\"has-inline-color\">MESSENGER<\/mark><\/strong><\/a><mark style=\"background-color:rgba(0, 0, 0, 0)\" class=\"has-inline-color has-neve-link-color-color\"> via le <strong>formulaire de contact en bas de cette page<\/strong>.<\/mark><a data-type=\"mailto\" data-id=\"mailto:contact@fulgore.fr\" href=\"mailto:contact@fulgore.fr\"><mark style=\"background-color:rgba(0, 0, 0, 0);color:#0276a7\" class=\"has-inline-color\"><\/mark><\/a><\/p>\n\n\n\n<div class=\"wp-block-columns is-layout-flex wp-container-core-columns-is-layout-9d6595d7 wp-block-columns-is-layout-flex\">\n<div class=\"wp-block-column is-layout-flow wp-block-column-is-layout-flow\" style=\"flex-basis:100%\">\n<div class=\"wp-block-group\"><div class=\"wp-block-group__inner-container is-layout-flow wp-block-group-is-layout-flow\">\n<hr class=\"wp-block-separator has-css-opacity\"\/>\n\n\n\n<div class=\"wp-block-group\"><div class=\"wp-block-group__inner-container is-layout-flow wp-block-group-is-layout-flow\">\n<p class=\"has-text-align-center\"><mark style=\"background-color:rgba(0, 0, 0, 0)\" class=\"has-inline-color has-neve-link-color-color\">Pour ceux qui ont d\u00e9j\u00e0 b\u00e9n\u00e9fici\u00e9 de mes services, profitez-en pour partager votre exp\u00e9rience en laissant un commentaire \ud83d\ude42<\/mark><\/p>\n<\/div><\/div>\n<\/div><\/div>\n<\/div>\n<\/div>\n\n\n\n<div class=\"wp-block-buttons is-horizontal is-content-justification-center is-layout-flex wp-container-core-buttons-is-layout-499968f5 wp-block-buttons-is-layout-flex\">\n<div class=\"wp-block-button is-style-primary\"><a class=\"wp-block-button__link has-luminous-vivid-amber-to-luminous-vivid-orange-gradient-background has-background wp-element-button\" href=\"https:\/\/retromodding.fulgore.fr\/index.php\/2021\/04\/30\/commentaires\/\" style=\"border-radius:16px\">Laisser ou voir les commentaires<\/a><\/div>\n<\/div>\n<\/div><\/div>\n\n\n\n<div style=\"height:46px\" aria-hidden=\"true\" class=\"wp-block-spacer\"><\/div>\n\n\n\n<div class=\"wp-block-group\"><div class=\"wp-block-group__inner-container is-layout-flow wp-block-group-is-layout-flow\">\n<div class=\"wp-block-group\"><div class=\"wp-block-group__inner-container is-layout-flow wp-block-group-is-layout-flow\">\n<p class=\"has-text-align-left has-background\" style=\"background-color:#e3a468\"><strong>Derniers commentaires<\/strong><\/p>\n<\/div><\/div>\n\n\n<ol class=\"has-avatars has-dates has-excerpts wp-block-latest-comments\"><li class=\"wp-block-latest-comments__comment\"><img alt='' src='https:\/\/secure.gravatar.com\/avatar\/9084aa2a4fd26437894b1dc62001af344d432a2b6b510133f05c5809d6da436e?s=48&#038;d=retro&#038;r=g' srcset='https:\/\/secure.gravatar.com\/avatar\/9084aa2a4fd26437894b1dc62001af344d432a2b6b510133f05c5809d6da436e?s=96&#038;d=retro&#038;r=g 2x' class='avatar avatar-48 photo wp-block-latest-comments__comment-avatar' height='48' width='48' \/><article><footer class=\"wp-block-latest-comments__comment-meta\"><span class=\"wp-block-latest-comments__comment-author\">Julien S<\/span> sur <a class=\"wp-block-latest-comments__comment-link\" href=\"https:\/\/retromodding.fulgore.fr\/index.php\/2021\/04\/30\/commentaires\/#comment-263\">Laissez-nous vos commentaires<\/a><time datetime=\"2026-03-22T23:55:52+01:00\" class=\"wp-block-latest-comments__comment-date\">22 mars 2026<\/time><\/footer><div class=\"wp-block-latest-comments__comment-excerpt\"><p>Je recommande fortement. Une dreamcast recap avec changement d\u2019alim, une Xbox recap avec changement de lecteur cd, et une SNES&hellip;<\/p>\n<\/div><\/article><\/li><li class=\"wp-block-latest-comments__comment\"><img alt='' src='https:\/\/secure.gravatar.com\/avatar\/1de496cf9056a00efc17bd96d741862c9cb1842c89551f7978dccedabb00b275?s=48&#038;d=retro&#038;r=g' srcset='https:\/\/secure.gravatar.com\/avatar\/1de496cf9056a00efc17bd96d741862c9cb1842c89551f7978dccedabb00b275?s=96&#038;d=retro&#038;r=g 2x' class='avatar avatar-48 photo wp-block-latest-comments__comment-avatar' height='48' width='48' \/><article><footer class=\"wp-block-latest-comments__comment-meta\"><span class=\"wp-block-latest-comments__comment-author\">Edouard<\/span> sur <a class=\"wp-block-latest-comments__comment-link\" href=\"https:\/\/retromodding.fulgore.fr\/index.php\/2021\/04\/30\/commentaires\/#comment-212\">Laissez-nous vos commentaires<\/a><time datetime=\"2025-09-19T19:17:51+02:00\" class=\"wp-block-latest-comments__comment-date\">19 septembre 2025<\/time><\/footer><div class=\"wp-block-latest-comments__comment-excerpt\"><p>Tr\u00e8s content du r\u00e9sultat r\u00e9alis\u00e9 sur ma console de c\u0153ur, bien au-dessus de tous les moddeurs que j\u2019ai pu rencontrer&hellip;<\/p>\n<\/div><\/article><\/li><li class=\"wp-block-latest-comments__comment\"><img alt='' src='https:\/\/secure.gravatar.com\/avatar\/9edee097ac226deac62677da5eda0d84679df2827ba5143b434830019474beaa?s=48&#038;d=retro&#038;r=g' srcset='https:\/\/secure.gravatar.com\/avatar\/9edee097ac226deac62677da5eda0d84679df2827ba5143b434830019474beaa?s=96&#038;d=retro&#038;r=g 2x' class='avatar avatar-48 photo wp-block-latest-comments__comment-avatar' height='48' width='48' \/><article><footer class=\"wp-block-latest-comments__comment-meta\"><span class=\"wp-block-latest-comments__comment-author\">Wa\u00ebl<\/span> sur <a class=\"wp-block-latest-comments__comment-link\" href=\"https:\/\/retromodding.fulgore.fr\/index.php\/2021\/04\/30\/commentaires\/#comment-204\">Laissez-nous vos commentaires<\/a><time datetime=\"2025-09-09T19:30:30+02:00\" class=\"wp-block-latest-comments__comment-date\">9 septembre 2025<\/time><\/footer><div class=\"wp-block-latest-comments__comment-excerpt\"><p>Merci \u00e9norm\u00e9ment \u00e0 Nicolas pour son expertise, sa sympathie et sa rapidit\u00e9, un travail soign\u00e9 et rapide. Il prends le&hellip;<\/p>\n<\/div><\/article><\/li><\/ol><\/div><\/div>\n\n\n\n<hr class=\"wp-block-separator has-css-opacity\"\/>\n\n\n\n<div class=\"wp-block-columns is-layout-flex wp-container-core-columns-is-layout-9d6595d7 wp-block-columns-is-layout-flex\">\n<div class=\"wp-block-column is-layout-flow wp-block-column-is-layout-flow\" style=\"flex-basis:100%\">\n<div class=\"wp-block-group alignwide\"><div class=\"wp-block-group__inner-container is-layout-flow wp-block-group-is-layout-flow\">\n<h2 class=\"wp-block-heading has-text-align-left\">Formulaire de contact<\/h2>\n\n\n\n<p class=\"has-text-align-left\"><em><strong><sup><span style=\"color:#767575\" class=\"has-inline-color\">*Pour \u00eatre s\u00fbre de recevoir votre r\u00e9ponse, pensez \u00e0 regarder dans vos spams et\/ou ajouter <a href=\"mailto:contact@fulgore.fr\">contact@fulgore.fr<\/a> \u00e0 vos contacts.<\/span><\/sup><\/strong><\/em><\/p>\n<\/div><\/div>\n<\/div>\n<\/div>\n\n\n\n<div class=\"wp-block-group alignwide\"><div class=\"wp-block-group__inner-container is-layout-flow wp-block-group-is-layout-flow\">\n<div class=\"wp-block-columns are-vertically-aligned-center is-layout-flex wp-container-core-columns-is-layout-9d6595d7 wp-block-columns-is-layout-flex\">\n<div class=\"wp-block-column is-vertically-aligned-center is-layout-flow wp-block-column-is-layout-flow\" style=\"flex-basis:100%\"><div class=\"wpforms-container wpforms-container-full wpforms-block wpforms-block-1cae7955-2d73-4ab8-ab0b-f6ba8a55d6fc\" id=\"wpforms-169\"><form id=\"wpforms-form-169\" class=\"wpforms-validate wpforms-form\" data-formid=\"169\" method=\"post\" enctype=\"multipart\/form-data\" action=\"\/index.php\/wp-json\/wp\/v2\/pages\/16\" data-token=\"27cd7e550b671c9f2dea6a8b97c757b5\" data-token-time=\"1776156689\"><noscript class=\"wpforms-error-noscript\">Veuillez activer JavaScript dans votre navigateur pour remplir ce formulaire.<\/noscript><div class=\"wpforms-field-container\"><div id=\"wpforms-169-field_0-container\" class=\"wpforms-field wpforms-field-name\" data-field-id=\"0\"><label class=\"wpforms-field-label\">Nom <span class=\"wpforms-required-label\">*<\/span><\/label><div class=\"wpforms-field-row wpforms-field-medium\"><div class=\"wpforms-field-row-block wpforms-first wpforms-one-half\"><input type=\"text\" id=\"wpforms-169-field_0\" class=\"wpforms-field-name-first wpforms-field-required\" name=\"wpforms[fields][0][first]\" required><label for=\"wpforms-169-field_0\" class=\"wpforms-field-sublabel after\">Pr\u00e9nom<\/label><\/div><div class=\"wpforms-field-row-block wpforms-one-half\"><input type=\"text\" id=\"wpforms-169-field_0-last\" class=\"wpforms-field-name-last wpforms-field-required\" name=\"wpforms[fields][0][last]\" required><label for=\"wpforms-169-field_0-last\" class=\"wpforms-field-sublabel after\">Nom<\/label><\/div><\/div><\/div><div id=\"wpforms-169-field_1-container\" class=\"wpforms-field wpforms-field-email\" data-field-id=\"1\"><label class=\"wpforms-field-label\" for=\"wpforms-169-field_1\">E-mail <span class=\"wpforms-required-label\">*<\/span><\/label><input type=\"email\" id=\"wpforms-169-field_1\" class=\"wpforms-field-medium wpforms-field-required\" name=\"wpforms[fields][1]\" spellcheck=\"false\" required><\/div><div id=\"wpforms-169-field_6-container\" class=\"wpforms-field wpforms-field-text\" data-field-id=\"6\"><label class=\"wpforms-field-label\" for=\"wpforms-169-field_6\">N\u00b0 T\u00e9l\u00e9phone <span class=\"wpforms-required-label\">*<\/span><\/label><input type=\"text\" id=\"wpforms-169-field_6\" class=\"wpforms-field-small wpforms-field-required wpforms-masked-input wpforms-limit-characters-enabled\" data-rule-inputmask-incomplete=\"1\" data-inputmask-mask=\"9999999999\" data-form-id=\"169\" data-field-id=\"6\" data-text-limit=\"10\" name=\"wpforms[fields][6]\" maxlength=\"10\" required><\/div><div id=\"wpforms-169-field_5-container\" class=\"wpforms-field wpforms-field-text\" data-field-id=\"5\"><label class=\"wpforms-field-label\" for=\"wpforms-169-field_5\">Sujet<\/label><input type=\"text\" id=\"wpforms-169-field_5\" class=\"wpforms-field-medium\" name=\"wpforms[fields][5]\" ><\/div><div id=\"wpforms-169-field_2-container\" class=\"wpforms-field wpforms-field-textarea\" data-field-id=\"2\"><label class=\"wpforms-field-label\" for=\"wpforms-169-field_2\">Message <span class=\"wpforms-required-label\">*<\/span><\/label><textarea id=\"wpforms-169-field_2\" class=\"wpforms-field-medium wpforms-field-required\" name=\"wpforms[fields][2]\" required><\/textarea><\/div><div id=\"wpforms-169-field_7-container\" class=\"wpforms-field wpforms-field-checkbox\" data-field-id=\"7\"><label class=\"wpforms-field-label wpforms-label-hide\">Cases \u00e0 cocher <span class=\"wpforms-required-label\">*<\/span><\/label><ul id=\"wpforms-169-field_7\" class=\"wpforms-field-required\"><li class=\"choice-1 depth-1\"><input type=\"checkbox\" id=\"wpforms-169-field_7_1\" name=\"wpforms[fields][7][]\" value=\"En cochant cette case je reconnais avoir pris connaissance de la politique de confidentialit\u00e9 de RetroModding Nice.\" required ><label class=\"wpforms-field-label-inline\" for=\"wpforms-169-field_7_1\">En cochant cette case je reconnais avoir pris connaissance de la politique de confidentialit\u00e9 de RetroModding Nice.<\/label><\/li><\/ul><\/div><\/div><!-- .wpforms-field-container --><div class=\"wpforms-recaptcha-container wpforms-is-recaptcha wpforms-is-recaptcha-type-invisible\" ><div class=\"g-recaptcha\" data-sitekey=\"6LcidYQfAAAAAJTRtxkLMqaAH9SMg-bm0i3934dY\" data-size=\"invisible\"><\/div><\/div><div class=\"wpforms-submit-container\" ><input type=\"hidden\" name=\"wpforms[id]\" value=\"169\"><input type=\"hidden\" name=\"page_title\" value=\"\"><input type=\"hidden\" name=\"page_url\" value=\"https:\/\/retromodding.fulgore.fr\/index.php\/wp-json\/wp\/v2\/pages\/16\"><input type=\"hidden\" name=\"url_referer\" value=\"\"><button type=\"submit\" name=\"wpforms[submit]\" id=\"wpforms-submit-169\" class=\"wpforms-submit\" data-alt-text=\"Envoi...\" data-submit-text=\"Envoyer\" aria-live=\"assertive\" value=\"wpforms-submit\">Envoyer<\/button><\/div><\/form><\/div>  <!-- .wpforms-container --><\/div>\n<\/div>\n<\/div><\/div>\n\n\n\n<p class=\"has-text-align-left\"><strong><sup><mark style=\"background-color:rgba(0, 0, 0, 0);color:#767575\" class=\"has-inline-color\"><a href=\"https:\/\/retromodding.fulgore.fr\/index.php\/politique-de-confidentialite\/\" target=\"_blank\" rel=\"noreferrer noopener\">Lire la politique de confidentialit\u00e9<\/a><\/mark><\/sup><\/strong><\/p>\n\n\n\n<div style=\"height:80px\" aria-hidden=\"true\" class=\"wp-block-spacer\"><\/div>\n\n\n\n<p><\/p>\n","protected":false},"excerpt":{"rendered":"<p>Derniers commentaires Formulaire de contact *Pour \u00eatre s\u00fbre de recevoir votre r\u00e9ponse, pensez \u00e0 regarder dans vos spams et\/ou ajouter contact@fulgore.fr \u00e0 vos contacts. Lire la politique de confidentialit\u00e9<\/p>\n","protected":false},"author":1,"featured_media":0,"parent":0,"menu_order":0,"comment_status":"closed","ping_status":"closed","template":"","meta":{"neve_meta_sidebar":"","neve_meta_container":"","neve_meta_enable_content_width":"on","neve_meta_content_width":100,"neve_meta_title_alignment":"","neve_meta_author_avatar":"","neve_post_elements_order":"","neve_meta_disable_header":"","neve_meta_disable_footer":"","neve_meta_disable_title":"on","footnotes":""},"class_list":["post-16","page","type-page","status-publish","hentry"],"yoast_head":"<!-- This site is optimized with the Yoast SEO plugin v27.3 - https:\/\/yoast.com\/product\/yoast-seo-wordpress\/ -->\n<title>Accueil - RetroModding Nice<\/title>\n<meta name=\"description\" content=\"RetroModding Nice ...l&#039;art du retrogaming - R\u00e9paration consoles vintage Nintendo Sega NEC Atari...\" \/>\n<meta name=\"robots\" content=\"index, follow, max-snippet:-1, max-image-preview:large, max-video-preview:-1\" \/>\n<link rel=\"canonical\" href=\"https:\/\/retromodding.fulgore.fr\/\" \/>\n<meta property=\"og:locale\" content=\"fr_FR\" \/>\n<meta property=\"og:type\" content=\"article\" \/>\n<meta property=\"og:title\" content=\"Accueil - RetroModding Nice\" \/>\n<meta property=\"og:description\" content=\"RetroModding Nice ...l&#039;art du retrogaming - R\u00e9paration consoles vintage Nintendo Sega NEC Atari...\" \/>\n<meta property=\"og:url\" content=\"https:\/\/retromodding.fulgore.fr\/\" \/>\n<meta property=\"og:site_name\" content=\"RetroModding Nice\" \/>\n<meta property=\"article:modified_time\" content=\"2024-10-02T18:14:10+00:00\" \/>\n<meta property=\"og:image\" content=\"https:\/\/retromodding.fulgore.fr\/wp-content\/uploads\/2021\/05\/73200476_102352944533870_1120078920486486016_n-1024x427.png\" \/>\n<meta name=\"twitter:card\" content=\"summary_large_image\" \/>\n<meta name=\"twitter:label1\" content=\"Dur\u00e9e de lecture estim\u00e9e\" \/>\n\t<meta name=\"twitter:data1\" content=\"2 minutes\" \/>\n<script type=\"application\/ld+json\" class=\"yoast-schema-graph\">{\"@context\":\"https:\\\/\\\/schema.org\",\"@graph\":[{\"@type\":\"WebPage\",\"@id\":\"https:\\\/\\\/retromodding.fulgore.fr\\\/\",\"url\":\"https:\\\/\\\/retromodding.fulgore.fr\\\/\",\"name\":\"Accueil - RetroModding Nice\",\"isPartOf\":{\"@id\":\"https:\\\/\\\/retromodding.fulgore.fr\\\/#website\"},\"primaryImageOfPage\":{\"@id\":\"https:\\\/\\\/retromodding.fulgore.fr\\\/#primaryimage\"},\"image\":{\"@id\":\"https:\\\/\\\/retromodding.fulgore.fr\\\/#primaryimage\"},\"thumbnailUrl\":\"https:\\\/\\\/retromodding.fulgore.fr\\\/wp-content\\\/uploads\\\/2021\\\/05\\\/73200476_102352944533870_1120078920486486016_n-1024x427.png\",\"datePublished\":\"2021-04-30T12:10:23+00:00\",\"dateModified\":\"2024-10-02T18:14:10+00:00\",\"description\":\"RetroModding Nice ...l&#039;art du retrogaming - R\u00e9paration consoles vintage Nintendo Sega NEC Atari...\",\"breadcrumb\":{\"@id\":\"https:\\\/\\\/retromodding.fulgore.fr\\\/#breadcrumb\"},\"inLanguage\":\"fr-FR\",\"potentialAction\":[{\"@type\":\"ReadAction\",\"target\":[\"https:\\\/\\\/retromodding.fulgore.fr\\\/\"]}]},{\"@type\":\"ImageObject\",\"inLanguage\":\"fr-FR\",\"@id\":\"https:\\\/\\\/retromodding.fulgore.fr\\\/#primaryimage\",\"url\":\"https:\\\/\\\/retromodding.fulgore.fr\\\/wp-content\\\/uploads\\\/2021\\\/05\\\/73200476_102352944533870_1120078920486486016_n.png\",\"contentUrl\":\"https:\\\/\\\/retromodding.fulgore.fr\\\/wp-content\\\/uploads\\\/2021\\\/05\\\/73200476_102352944533870_1120078920486486016_n.png\",\"width\":1920,\"height\":800},{\"@type\":\"BreadcrumbList\",\"@id\":\"https:\\\/\\\/retromodding.fulgore.fr\\\/#breadcrumb\",\"itemListElement\":[{\"@type\":\"ListItem\",\"position\":1,\"name\":\"Accueil\",\"item\":\"https:\\\/\\\/retromodding.fulgore.fr\\\/\"},{\"@type\":\"ListItem\",\"position\":2,\"name\":\"Accueil\"}]},{\"@type\":\"WebSite\",\"@id\":\"https:\\\/\\\/retromodding.fulgore.fr\\\/#website\",\"url\":\"https:\\\/\\\/retromodding.fulgore.fr\\\/\",\"name\":\"RetroModding Nice\",\"description\":\"...l&#039;art du retrogaming\",\"publisher\":{\"@id\":\"https:\\\/\\\/retromodding.fulgore.fr\\\/#organization\"},\"potentialAction\":[{\"@type\":\"SearchAction\",\"target\":{\"@type\":\"EntryPoint\",\"urlTemplate\":\"https:\\\/\\\/retromodding.fulgore.fr\\\/?s={search_term_string}\"},\"query-input\":{\"@type\":\"PropertyValueSpecification\",\"valueRequired\":true,\"valueName\":\"search_term_string\"}}],\"inLanguage\":\"fr-FR\"},{\"@type\":\"Organization\",\"@id\":\"https:\\\/\\\/retromodding.fulgore.fr\\\/#organization\",\"name\":\"RetroModding Nice\",\"url\":\"https:\\\/\\\/retromodding.fulgore.fr\\\/\",\"logo\":{\"@type\":\"ImageObject\",\"inLanguage\":\"fr-FR\",\"@id\":\"https:\\\/\\\/retromodding.fulgore.fr\\\/#\\\/schema\\\/logo\\\/image\\\/\",\"url\":\"https:\\\/\\\/retromodding.fulgore.fr\\\/wp-content\\\/uploads\\\/2021\\\/04\\\/cropped-Logo-e1619784478932.jpg\",\"contentUrl\":\"https:\\\/\\\/retromodding.fulgore.fr\\\/wp-content\\\/uploads\\\/2021\\\/04\\\/cropped-Logo-e1619784478932.jpg\",\"width\":492,\"height\":490,\"caption\":\"RetroModding Nice\"},\"image\":{\"@id\":\"https:\\\/\\\/retromodding.fulgore.fr\\\/#\\\/schema\\\/logo\\\/image\\\/\"}}]}<\/script>\n<!-- \/ Yoast SEO plugin. -->","yoast_head_json":{"title":"Accueil - RetroModding Nice","description":"RetroModding Nice ...l&#039;art du retrogaming - R\u00e9paration consoles vintage Nintendo Sega NEC Atari...","robots":{"index":"index","follow":"follow","max-snippet":"max-snippet:-1","max-image-preview":"max-image-preview:large","max-video-preview":"max-video-preview:-1"},"canonical":"https:\/\/retromodding.fulgore.fr\/","og_locale":"fr_FR","og_type":"article","og_title":"Accueil - RetroModding Nice","og_description":"RetroModding Nice ...l&#039;art du retrogaming - R\u00e9paration consoles vintage Nintendo Sega NEC Atari...","og_url":"https:\/\/retromodding.fulgore.fr\/","og_site_name":"RetroModding Nice","article_modified_time":"2024-10-02T18:14:10+00:00","og_image":[{"url":"https:\/\/retromodding.fulgore.fr\/wp-content\/uploads\/2021\/05\/73200476_102352944533870_1120078920486486016_n-1024x427.png","type":"","width":"","height":""}],"twitter_card":"summary_large_image","twitter_misc":{"Dur\u00e9e de lecture estim\u00e9e":"2 minutes"},"schema":{"@context":"https:\/\/schema.org","@graph":[{"@type":"WebPage","@id":"https:\/\/retromodding.fulgore.fr\/","url":"https:\/\/retromodding.fulgore.fr\/","name":"Accueil - RetroModding Nice","isPartOf":{"@id":"https:\/\/retromodding.fulgore.fr\/#website"},"primaryImageOfPage":{"@id":"https:\/\/retromodding.fulgore.fr\/#primaryimage"},"image":{"@id":"https:\/\/retromodding.fulgore.fr\/#primaryimage"},"thumbnailUrl":"https:\/\/retromodding.fulgore.fr\/wp-content\/uploads\/2021\/05\/73200476_102352944533870_1120078920486486016_n-1024x427.png","datePublished":"2021-04-30T12:10:23+00:00","dateModified":"2024-10-02T18:14:10+00:00","description":"RetroModding Nice ...l&#039;art du retrogaming - R\u00e9paration consoles vintage Nintendo Sega NEC Atari...","breadcrumb":{"@id":"https:\/\/retromodding.fulgore.fr\/#breadcrumb"},"inLanguage":"fr-FR","potentialAction":[{"@type":"ReadAction","target":["https:\/\/retromodding.fulgore.fr\/"]}]},{"@type":"ImageObject","inLanguage":"fr-FR","@id":"https:\/\/retromodding.fulgore.fr\/#primaryimage","url":"https:\/\/retromodding.fulgore.fr\/wp-content\/uploads\/2021\/05\/73200476_102352944533870_1120078920486486016_n.png","contentUrl":"https:\/\/retromodding.fulgore.fr\/wp-content\/uploads\/2021\/05\/73200476_102352944533870_1120078920486486016_n.png","width":1920,"height":800},{"@type":"BreadcrumbList","@id":"https:\/\/retromodding.fulgore.fr\/#breadcrumb","itemListElement":[{"@type":"ListItem","position":1,"name":"Accueil","item":"https:\/\/retromodding.fulgore.fr\/"},{"@type":"ListItem","position":2,"name":"Accueil"}]},{"@type":"WebSite","@id":"https:\/\/retromodding.fulgore.fr\/#website","url":"https:\/\/retromodding.fulgore.fr\/","name":"RetroModding Nice","description":"...l&#039;art du retrogaming","publisher":{"@id":"https:\/\/retromodding.fulgore.fr\/#organization"},"potentialAction":[{"@type":"SearchAction","target":{"@type":"EntryPoint","urlTemplate":"https:\/\/retromodding.fulgore.fr\/?s={search_term_string}"},"query-input":{"@type":"PropertyValueSpecification","valueRequired":true,"valueName":"search_term_string"}}],"inLanguage":"fr-FR"},{"@type":"Organization","@id":"https:\/\/retromodding.fulgore.fr\/#organization","name":"RetroModding Nice","url":"https:\/\/retromodding.fulgore.fr\/","logo":{"@type":"ImageObject","inLanguage":"fr-FR","@id":"https:\/\/retromodding.fulgore.fr\/#\/schema\/logo\/image\/","url":"https:\/\/retromodding.fulgore.fr\/wp-content\/uploads\/2021\/04\/cropped-Logo-e1619784478932.jpg","contentUrl":"https:\/\/retromodding.fulgore.fr\/wp-content\/uploads\/2021\/04\/cropped-Logo-e1619784478932.jpg","width":492,"height":490,"caption":"RetroModding Nice"},"image":{"@id":"https:\/\/retromodding.fulgore.fr\/#\/schema\/logo\/image\/"}}]}},"jetpack_sharing_enabled":true,"_links":{"self":[{"href":"https:\/\/retromodding.fulgore.fr\/index.php\/wp-json\/wp\/v2\/pages\/16","targetHints":{"allow":["GET"]}}],"collection":[{"href":"https:\/\/retromodding.fulgore.fr\/index.php\/wp-json\/wp\/v2\/pages"}],"about":[{"href":"https:\/\/retromodding.fulgore.fr\/index.php\/wp-json\/wp\/v2\/types\/page"}],"author":[{"embeddable":true,"href":"https:\/\/retromodding.fulgore.fr\/index.php\/wp-json\/wp\/v2\/users\/1"}],"replies":[{"embeddable":true,"href":"https:\/\/retromodding.fulgore.fr\/index.php\/wp-json\/wp\/v2\/comments?post=16"}],"version-history":[{"count":79,"href":"https:\/\/retromodding.fulgore.fr\/index.php\/wp-json\/wp\/v2\/pages\/16\/revisions"}],"predecessor-version":[{"id":1159,"href":"https:\/\/retromodding.fulgore.fr\/index.php\/wp-json\/wp\/v2\/pages\/16\/revisions\/1159"}],"wp:attachment":[{"href":"https:\/\/retromodding.fulgore.fr\/index.php\/wp-json\/wp\/v2\/media?parent=16"}],"curies":[{"name":"wp","href":"https:\/\/api.w.org\/{rel}","templated":true}]}}